{"id":394,"date":"2024-02-14T20:04:38","date_gmt":"2024-02-14T19:04:38","guid":{"rendered":"http:\/\/trabajadoresenred.es\/?page_id=394"},"modified":"2024-02-14T20:04:40","modified_gmt":"2024-02-14T19:04:40","slug":"transparencia","status":"publish","type":"page","link":"https:\/\/trabajadoresenred.es\/index.php\/transparencia\/","title":{"rendered":"Transparencia"},"content":{"rendered":"\n<p>Desde Trabajadores en Red publicamos informes mensuales explicando en qu\u00e9 hemos usado las horas sindicales. Adem\u00e1s cada a\u00f1o votamos de nuevo, de manera que los delegados que no hagan bien su labor podr\u00e1n ser destituidos. En <a href=\"https:\/\/drive.google.com\/drive\/folders\/1pmvCJALfB9hx4e1GNbu8FTwzjOQ1PNv6\">este enlace<\/a> puedes acceder a la carpeta que contiene todos los informes que vamos publicando.<\/p>\n","protected":false},"excerpt":{"rendered":"<p>Desde Trabajadores en Red publicamos informes mensuales explicando en qu\u00e9 hemos usado las horas sindicales. Adem\u00e1s cada a\u00f1o votamos de nuevo, de manera que los delegados que no hagan bien su labor podr\u00e1n ser destituidos. En este enlace puedes acceder a la carpeta que contiene todos los informes que vamos publicando.<\/p>\n","protected":false},"author":1,"featured_media":0,"parent":0,"menu_order":0,"comment_status":"closed","ping_status":"closed","template":"","meta":{"footnotes":""},"class_list":["post-394","page","type-page","status-publish","hentry"],"aioseo_notices":[],"jetpack_sharing_enabled":true,"_links":{"self":[{"href":"https:\/\/trabajadoresenred.es\/index.php\/wp-json\/wp\/v2\/pages\/394","targetHints":{"allow":["GET"]}}],"collection":[{"href":"https:\/\/trabajadoresenred.es\/index.php\/wp-json\/wp\/v2\/pages"}],"about":[{"href":"https:\/\/trabajadoresenred.es\/index.php\/wp-json\/wp\/v2\/types\/page"}],"author":[{"embeddable":true,"href":"https:\/\/trabajadoresenred.es\/index.php\/wp-json\/wp\/v2\/users\/1"}],"replies":[{"embeddable":true,"href":"https:\/\/trabajadoresenred.es\/index.php\/wp-json\/wp\/v2\/comments?post=394"}],"version-history":[{"count":1,"href":"https:\/\/trabajadoresenred.es\/index.php\/wp-json\/wp\/v2\/pages\/394\/revisions"}],"predecessor-version":[{"id":463,"href":"https:\/\/trabajadoresenred.es\/index.php\/wp-json\/wp\/v2\/pages\/394\/revisions\/463"}],"wp:attachment":[{"href":"https:\/\/trabajadoresenred.es\/index.php\/wp-json\/wp\/v2\/media?parent=394"}],"curies":[{"name":"wp","href":"https:\/\/api.w.org\/{rel}","templated":true}]}}