{"id":559,"date":"2024-02-25T12:49:27","date_gmt":"2024-02-25T11:49:27","guid":{"rendered":"https:\/\/trabajadoresenred.es\/?page_id=559"},"modified":"2026-02-01T19:48:55","modified_gmt":"2026-02-01T19:48:55","slug":"como-matricularse-en-los-cursos-de-grupo-formacion-egs","status":"publish","type":"page","link":"https:\/\/trabajadoresenred.es\/index.php\/como-matricularse-en-los-cursos-de-grupo-formacion-egs\/","title":{"rendered":"C\u00f3mo matricularse en los cursos de Grupo Formaci\u00f3n EGS"},"content":{"rendered":"<p style=\"text-align: left;\" data-start=\"125\" data-end=\"371\">Ya puedes inscribirte en los cursos de formaci\u00f3n de <strong data-start=\"177\" data-end=\"184\">EGC<\/strong>.<br data-start=\"185\" data-end=\"188\" \/>El proceso de matr\u00edcula es muy sencillo: en el <strong data-start=\"235\" data-end=\"250\">PDF adjunto<\/strong> encontrar\u00e1s todas las <strong data-start=\"273\" data-end=\"301\">instrucciones detalladas<\/strong>, explicadas paso a paso, para completar correctamente tu inscripci\u00f3n.<\/p>\n<p style=\"text-align: left;\" data-start=\"373\" data-end=\"489\">Te recomendamos leer el documento con atenci\u00f3n y seguir las indicaciones para formalizar la matr\u00edcula sin problemas.<\/p>\n<p data-start=\"373\" data-end=\"489\">Para que se te aplique el descuento de afiliad@, introduce el c\u00f3digo de descuento de un solo uso que puedes obtener pulsando este bot\u00f3n:<\/p>\n\n<p><strong>Nota:<\/strong> Debes <a href='https:\/\/trabajadoresenred.es\/wp-login.php?redirect_to=https%3A%2F%2Ftrabajadoresenred.es%2Findex.php%2Fcomo-matricularse-en-los-cursos-de-grupo-formacion-egs%2F'>iniciar sesi\u00f3n<\/a> para obtener tu c\u00f3digo.<\/p>\n\n\n\n<div data-wp-interactive=\"core\/file\" class=\"wp-block-file\"><object data-wp-bind--hidden=\"!state.hasPdfPreview\" hidden class=\"wp-block-file__embed\" data=\"https:\/\/trabajadoresenred.es\/wp-content\/uploads\/2026\/02\/DEMO-PLATAFORMA-GRUPO-EGS-_-TERE.pdf\" type=\"application\/pdf\" style=\"width:100%;height:600px\" aria-label=\"Incrustado de INSTRUCCIONES  PLATAFORMA GRUPO EGS _ TERE.\"><\/object><a id=\"wp-block-file--media-2a0e7359-3fd4-4ec1-a7d0-f608f7d5ae12\" href=\"https:\/\/trabajadoresenred.es\/wp-content\/uploads\/2026\/02\/DEMO-PLATAFORMA-GRUPO-EGS-_-TERE.pdf\">INSTRUCCIONES  PLATAFORMA GRUPO EGS _ TERE<\/a><a href=\"https:\/\/trabajadoresenred.es\/wp-content\/uploads\/2026\/02\/DEMO-PLATAFORMA-GRUPO-EGS-_-TERE.pdf\" class=\"wp-block-file__button wp-element-button\" download aria-describedby=\"wp-block-file--media-2a0e7359-3fd4-4ec1-a7d0-f608f7d5ae12\">Descarga<\/a><\/div>\n\n\n\n<p><\/p>\n","protected":false},"excerpt":{"rendered":"<p>Ya puedes inscribirte en los cursos de formaci\u00f3n de EGC.El proceso de matr\u00edcula es muy sencillo: en el PDF adjunto encontrar\u00e1s todas las instrucciones detalladas, explicadas paso a paso, para completar correctamente tu inscripci\u00f3n. Te recomendamos leer el documento con atenci\u00f3n y seguir las indicaciones para formalizar la matr\u00edcula sin problemas. Para que se te [&hellip;]<\/p>\n","protected":false},"author":1,"featured_media":562,"parent":0,"menu_order":0,"comment_status":"closed","ping_status":"closed","template":"","meta":{"footnotes":""},"class_list":["post-559","page","type-page","status-publish","has-post-thumbnail","hentry"],"aioseo_notices":[],"jetpack_sharing_enabled":true,"_links":{"self":[{"href":"https:\/\/trabajadoresenred.es\/index.php\/wp-json\/wp\/v2\/pages\/559","targetHints":{"allow":["GET"]}}],"collection":[{"href":"https:\/\/trabajadoresenred.es\/index.php\/wp-json\/wp\/v2\/pages"}],"about":[{"href":"https:\/\/trabajadoresenred.es\/index.php\/wp-json\/wp\/v2\/types\/page"}],"author":[{"embeddable":true,"href":"https:\/\/trabajadoresenred.es\/index.php\/wp-json\/wp\/v2\/users\/1"}],"replies":[{"embeddable":true,"href":"https:\/\/trabajadoresenred.es\/index.php\/wp-json\/wp\/v2\/comments?post=559"}],"version-history":[{"count":5,"href":"https:\/\/trabajadoresenred.es\/index.php\/wp-json\/wp\/v2\/pages\/559\/revisions"}],"predecessor-version":[{"id":1000,"href":"https:\/\/trabajadoresenred.es\/index.php\/wp-json\/wp\/v2\/pages\/559\/revisions\/1000"}],"wp:featuredmedia":[{"embeddable":true,"href":"https:\/\/trabajadoresenred.es\/index.php\/wp-json\/wp\/v2\/media\/562"}],"wp:attachment":[{"href":"https:\/\/trabajadoresenred.es\/index.php\/wp-json\/wp\/v2\/media?parent=559"}],"curies":[{"name":"wp","href":"https:\/\/api.w.org\/{rel}","templated":true}]}}