{"id":585,"date":"2024-02-25T13:09:04","date_gmt":"2024-02-25T12:09:04","guid":{"rendered":"https:\/\/trabajadoresenred.es\/?page_id=585"},"modified":"2024-02-25T21:29:49","modified_gmt":"2024-02-25T20:29:49","slug":"https-trabajadoresenred-es-wp-admin-post-new-php","status":"publish","type":"page","link":"https:\/\/trabajadoresenred.es\/index.php\/https-trabajadoresenred-es-wp-admin-post-new-php\/","title":{"rendered":"Publicar una entrada en la web del sindicato"},"content":{"rendered":"\n<p>Todos los afiliados tienen derecho a publicar sus puntos de vista en la web del sindicato. Si quieres compartir tu opini\u00f3n sobre la actualidad social o pol\u00edtica, o recomendar un libro o una obra de teatro&#8230;\u00a1el sindicato es de tod@s y por lo tanto nuestra web tambi\u00e9n!<\/p>\n\n\n\n<p><a href=\"https:\/\/trabajadoresenred.es\/wp-admin\/post-new.php\">Pulsa aqu\u00ed para redactar tu art\u00edculo.<\/a><\/p>\n","protected":false},"excerpt":{"rendered":"<p>Todos los afiliados tienen derecho a publicar sus puntos de vista en la web del sindicato. Si quieres compartir tu opini\u00f3n sobre la actualidad social o pol\u00edtica, o recomendar un libro o una obra de teatro&#8230;\u00a1el sindicato es de tod@s y por lo tanto nuestra web tambi\u00e9n! Pulsa aqu\u00ed para redactar tu art\u00edculo.<\/p>\n","protected":false},"author":1,"featured_media":0,"parent":0,"menu_order":0,"comment_status":"closed","ping_status":"closed","template":"","meta":{"footnotes":""},"class_list":["post-585","page","type-page","status-publish","hentry"],"aioseo_notices":[],"jetpack_sharing_enabled":true,"_links":{"self":[{"href":"https:\/\/trabajadoresenred.es\/index.php\/wp-json\/wp\/v2\/pages\/585","targetHints":{"allow":["GET"]}}],"collection":[{"href":"https:\/\/trabajadoresenred.es\/index.php\/wp-json\/wp\/v2\/pages"}],"about":[{"href":"https:\/\/trabajadoresenred.es\/index.php\/wp-json\/wp\/v2\/types\/page"}],"author":[{"embeddable":true,"href":"https:\/\/trabajadoresenred.es\/index.php\/wp-json\/wp\/v2\/users\/1"}],"replies":[{"embeddable":true,"href":"https:\/\/trabajadoresenred.es\/index.php\/wp-json\/wp\/v2\/comments?post=585"}],"version-history":[{"count":4,"href":"https:\/\/trabajadoresenred.es\/index.php\/wp-json\/wp\/v2\/pages\/585\/revisions"}],"predecessor-version":[{"id":612,"href":"https:\/\/trabajadoresenred.es\/index.php\/wp-json\/wp\/v2\/pages\/585\/revisions\/612"}],"wp:attachment":[{"href":"https:\/\/trabajadoresenred.es\/index.php\/wp-json\/wp\/v2\/media?parent=585"}],"curies":[{"name":"wp","href":"https:\/\/api.w.org\/{rel}","templated":true}]}}