{"id":993,"date":"2026-02-01T18:13:00","date_gmt":"2026-02-01T18:13:00","guid":{"rendered":"https:\/\/trabajadoresenred.es\/?page_id=993"},"modified":"2026-02-03T20:10:29","modified_gmt":"2026-02-03T20:10:29","slug":"afiliacion-online","status":"publish","type":"page","link":"https:\/\/trabajadoresenred.es\/index.php\/afiliacion-online\/","title":{"rendered":"Afiliaci\u00f3n online"},"content":{"rendered":"\n<p>Estos son los importes m\u00ednimos de las cuotas que se han establecido para cada categor\u00eda, pero cada persona afiliada puede aportar una cuota mayor:<\/p>\n\n\n\n<p><br><strong>Categor\u00eda E <\/strong>(celadores, pinches\u2026)- <strong>11\u20ac<\/strong><br><strong>Categor\u00eda C2 <\/strong>(T\u00e9cnicos medios TCAE, farmacia, mantenimiento\u2026) &#8211; <strong>12\u20ac<\/strong><br><strong>Categor\u00eda C1<\/strong> \u2013 (T\u00e9cnicos RX, laboratorio, oncoRT,cocineros\u2026) &#8211; <strong>13\u20ac<\/strong><br><strong>Categor\u00eda A2<\/strong> &#8211; (enfermeros, fisioterapeutas, matronas, logopedas\u2026) &#8211;<strong> 14\u20ac<\/strong><br><strong>Categor\u00eda A1<\/strong> \u2013 (M\u00e9dicos, farmac\u00e9uticos\u2026) &#8211; <strong>15\u20ac<\/strong><br><strong>Cuota de segunda afiliaci\u00f3n:<\/strong> 50% de la correspondiente a la categor\u00eda<\/p>\n\n\n\n<div class=\"wpcf7 no-js\" id=\"wpcf7-f923-o1\" lang=\"es-ES\" dir=\"ltr\" data-wpcf7-id=\"923\">\n<div class=\"screen-reader-response\"><p role=\"status\" aria-live=\"polite\" aria-atomic=\"true\"><\/p> <ul><\/ul><\/div>\n<form action=\"\/index.php\/wp-json\/wp\/v2\/pages\/993#wpcf7-f923-o1\" method=\"post\" class=\"wpcf7-form init\" aria-label=\"Formulario de contacto\" novalidate=\"novalidate\" data-status=\"init\">\n<fieldset class=\"hidden-fields-container\"><input type=\"hidden\" name=\"_wpcf7\" value=\"923\" \/><input type=\"hidden\" name=\"_wpcf7_version\" value=\"6.1.4\" \/><input type=\"hidden\" name=\"_wpcf7_locale\" value=\"es_ES\" \/><input type=\"hidden\" name=\"_wpcf7_unit_tag\" value=\"wpcf7-f923-o1\" \/><input type=\"hidden\" name=\"_wpcf7_container_post\" value=\"0\" \/><input type=\"hidden\" name=\"_wpcf7_posted_data_hash\" value=\"\" \/><input type=\"hidden\" name=\"_wpcf7cf_hidden_group_fields\" value=\"[]\" \/><input type=\"hidden\" name=\"_wpcf7cf_hidden_groups\" value=\"[]\" \/><input type=\"hidden\" name=\"_wpcf7cf_visible_groups\" value=\"[]\" \/><input type=\"hidden\" name=\"_wpcf7cf_repeaters\" value=\"[]\" \/><input type=\"hidden\" name=\"_wpcf7cf_steps\" value=\"{}\" \/><input type=\"hidden\" name=\"_wpcf7cf_options\" value=\"{&quot;form_id&quot;:923,&quot;conditions&quot;:[],&quot;settings&quot;:{&quot;animation&quot;:&quot;yes&quot;,&quot;animation_intime&quot;:200,&quot;animation_outtime&quot;:200,&quot;conditions_ui&quot;:&quot;normal&quot;,&quot;notice_dismissed&quot;:false}}\" \/>\n<\/fieldset>\n<div class=\"ficha-afiliacion\">\n\t<h2>SOLICITUD DE AFILIACI\u00d3N SINDICAL\n\t<\/h2>\n\t<p><label> Nombre <span class=\"wpcf7-form-control-wrap\" data-name=\"nombre\"><input size=\"40\" maxlength=\"400\" class=\"wpcf7-form-control wpcf7-text wpcf7-validates-as-required\" aria-required=\"true\" aria-invalid=\"false\" value=\"\" type=\"text\" name=\"nombre\" \/><\/span> <\/label><br \/>\n<label> Apellidos <span class=\"wpcf7-form-control-wrap\" data-name=\"apellido-1\"><input size=\"40\" maxlength=\"400\" class=\"wpcf7-form-control wpcf7-text wpcf7-validates-as-required\" aria-required=\"true\" aria-invalid=\"false\" value=\"\" type=\"text\" name=\"apellido-1\" \/><\/span> <\/label><br \/>\n<label> DNI\/NIE <span class=\"wpcf7-form-control-wrap\" data-name=\"dni\"><input size=\"40\" maxlength=\"400\" class=\"wpcf7-form-control wpcf7-text wpcf7-validates-as-required\" aria-required=\"true\" aria-invalid=\"false\" value=\"\" type=\"text\" name=\"dni\" \/><\/span> <\/label><br \/>\n<label> Fecha de Nacimiento <span class=\"wpcf7-form-control-wrap\" data-name=\"fecha-nacimiento\"><input class=\"wpcf7-form-control wpcf7-date wpcf7-validates-as-required wpcf7-validates-as-date\" aria-required=\"true\" aria-invalid=\"false\" value=\"\" type=\"date\" name=\"fecha-nacimiento\" \/><\/span> <\/label>\n\t<\/p>\n<hr \/>\n\t<p><label> Direcci\u00f3n Postal <span class=\"wpcf7-form-control-wrap\" data-name=\"direccion\"><input size=\"40\" maxlength=\"400\" class=\"wpcf7-form-control wpcf7-text wpcf7-validates-as-required\" aria-required=\"true\" aria-invalid=\"false\" value=\"\" type=\"text\" name=\"direccion\" \/><\/span> <\/label>\n\t<\/p>\n\t<div style=\"display:flex; gap:10px;\">\n\t\t<p><label style=\"flex:1;\"> CP <span class=\"wpcf7-form-control-wrap\" data-name=\"cp\"><input size=\"40\" maxlength=\"400\" class=\"wpcf7-form-control wpcf7-text wpcf7-validates-as-required\" aria-required=\"true\" aria-invalid=\"false\" value=\"\" type=\"text\" name=\"cp\" \/><\/span> <\/label><br \/>\n<label style=\"flex:2;\"> Localidad <span class=\"wpcf7-form-control-wrap\" data-name=\"localidad\"><input size=\"40\" maxlength=\"400\" class=\"wpcf7-form-control wpcf7-text wpcf7-validates-as-required\" aria-required=\"true\" aria-invalid=\"false\" value=\"\" type=\"text\" name=\"localidad\" \/><\/span> <\/label>\n\t\t<\/p>\n\t<\/div>\n\t<p><label> Provincia <span class=\"wpcf7-form-control-wrap\" data-name=\"provincia\"><input size=\"40\" maxlength=\"400\" class=\"wpcf7-form-control wpcf7-text wpcf7-validates-as-required\" aria-required=\"true\" aria-invalid=\"false\" value=\"\" type=\"text\" name=\"provincia\" \/><\/span> <\/label><br \/>\n<label> Tel\u00e9fono <span class=\"wpcf7-form-control-wrap\" data-name=\"telefono\"><input size=\"40\" maxlength=\"400\" class=\"wpcf7-form-control wpcf7-tel wpcf7-validates-as-required wpcf7-text wpcf7-validates-as-tel\" aria-required=\"true\" aria-invalid=\"false\" value=\"\" type=\"tel\" name=\"telefono\" \/><\/span> <\/label><br \/>\n<label> Email <span class=\"wpcf7-form-control-wrap\" data-name=\"email\"><input size=\"40\" maxlength=\"400\" class=\"wpcf7-form-control wpcf7-email wpcf7-validates-as-required wpcf7-text wpcf7-validates-as-email\" aria-required=\"true\" aria-invalid=\"false\" value=\"\" type=\"email\" name=\"email\" \/><\/span> <\/label>\n\t<\/p>\n<hr \/>\n\t<h3>Datos Profesionales\n\t<\/h3>\n\t<p><label>Categor\u00eda Profesional:<\/label><br \/>\n<span class=\"wpcf7-form-control-wrap\" data-name=\"categoria-profesional\"><span class=\"wpcf7-form-control wpcf7-checkbox wpcf7-validates-as-required\"><span class=\"wpcf7-list-item first\"><label><input type=\"checkbox\" name=\"categoria-profesional[]\" value=\"Enfermera\" \/><span class=\"wpcf7-list-item-label\">Enfermera<\/span><\/label><\/span><span class=\"wpcf7-list-item\"><label><input type=\"checkbox\" name=\"categoria-profesional[]\" value=\"T\u00e9cnico de Enfermer\u00eda\" \/><span class=\"wpcf7-list-item-label\">T\u00e9cnico de Enfermer\u00eda<\/span><\/label><\/span><span class=\"wpcf7-list-item\"><label><input type=\"checkbox\" name=\"categoria-profesional[]\" value=\"M\u00e9dico Adjunto\" \/><span class=\"wpcf7-list-item-label\">M\u00e9dico Adjunto<\/span><\/label><\/span><span class=\"wpcf7-list-item\"><label><input type=\"checkbox\" name=\"categoria-profesional[]\" value=\"M\u00e9dico Residente\" \/><span class=\"wpcf7-list-item-label\">M\u00e9dico Residente<\/span><\/label><\/span><span class=\"wpcf7-list-item\"><label><input type=\"checkbox\" name=\"categoria-profesional[]\" value=\"Celador\/a\" \/><span class=\"wpcf7-list-item-label\">Celador\/a<\/span><\/label><\/span><span class=\"wpcf7-list-item\"><label><input type=\"checkbox\" name=\"categoria-profesional[]\" value=\"Matrona\" \/><span class=\"wpcf7-list-item-label\">Matrona<\/span><\/label><\/span><span class=\"wpcf7-list-item\"><label><input type=\"checkbox\" name=\"categoria-profesional[]\" value=\"T\u00e9cnico de Rayos\" \/><span class=\"wpcf7-list-item-label\">T\u00e9cnico de Rayos<\/span><\/label><\/span><span class=\"wpcf7-list-item\"><label><input type=\"checkbox\" name=\"categoria-profesional[]\" value=\"T\u00e9cnico de Farmacia\" \/><span class=\"wpcf7-list-item-label\">T\u00e9cnico de Farmacia<\/span><\/label><\/span><span class=\"wpcf7-list-item\"><label><input type=\"checkbox\" name=\"categoria-profesional[]\" value=\"T\u00e9cnico de Radioterapia\" \/><span class=\"wpcf7-list-item-label\">T\u00e9cnico de Radioterapia<\/span><\/label><\/span><span class=\"wpcf7-list-item\"><label><input type=\"checkbox\" name=\"categoria-profesional[]\" value=\"Pinche de cocina\" \/><span class=\"wpcf7-list-item-label\">Pinche de cocina<\/span><\/label><\/span><span class=\"wpcf7-list-item\"><label><input type=\"checkbox\" name=\"categoria-profesional[]\" value=\"Auxiliar administrativo\" \/><span class=\"wpcf7-list-item-label\">Auxiliar administrativo<\/span><\/label><\/span><span class=\"wpcf7-list-item\"><label><input type=\"checkbox\" name=\"categoria-profesional[]\" value=\"Administrativo\" \/><span class=\"wpcf7-list-item-label\">Administrativo<\/span><\/label><\/span><span class=\"wpcf7-list-item\"><label><input type=\"checkbox\" name=\"categoria-profesional[]\" value=\"Fontanero\" \/><span class=\"wpcf7-list-item-label\">Fontanero<\/span><\/label><\/span><span class=\"wpcf7-list-item\"><label><input type=\"checkbox\" name=\"categoria-profesional[]\" value=\"Electricista\" \/><span class=\"wpcf7-list-item-label\">Electricista<\/span><\/label><\/span><span class=\"wpcf7-list-item\"><label><input type=\"checkbox\" name=\"categoria-profesional[]\" value=\"Calefactor\" \/><span class=\"wpcf7-list-item-label\">Calefactor<\/span><\/label><\/span><span class=\"wpcf7-list-item\"><label><input type=\"checkbox\" name=\"categoria-profesional[]\" value=\"Mec\u00e1nico\" \/><span class=\"wpcf7-list-item-label\">Mec\u00e1nico<\/span><\/label><\/span><span class=\"wpcf7-list-item\"><label><input type=\"checkbox\" name=\"categoria-profesional[]\" value=\"Pe\u00f3n\" \/><span class=\"wpcf7-list-item-label\">Pe\u00f3n<\/span><\/label><\/span><span class=\"wpcf7-list-item last\"><label><input type=\"checkbox\" name=\"categoria-profesional[]\" value=\"Otros\" \/><span class=\"wpcf7-list-item-label\">Otros<\/span><\/label><\/span><\/span><\/span><br \/>\n<label>Si marcaste \"Otros\", especifica categor\u00eda: <span class=\"wpcf7-form-control-wrap\" data-name=\"categoria-otra\"><input size=\"40\" maxlength=\"400\" class=\"wpcf7-form-control wpcf7-text\" aria-invalid=\"false\" value=\"\" type=\"text\" name=\"categoria-otra\" \/><\/span><\/label>\n\t<\/p>\n\t<p><label>Centro de Trabajo:<\/label><br \/>\n<span class=\"wpcf7-form-control-wrap\" data-name=\"centro-trabajo\"><span class=\"wpcf7-form-control wpcf7-checkbox wpcf7-validates-as-required\"><span class=\"wpcf7-list-item first\"><label><input type=\"checkbox\" name=\"centro-trabajo[]\" value=\"Hospital La Paz\" \/><span class=\"wpcf7-list-item-label\">Hospital La Paz<\/span><\/label><\/span><span class=\"wpcf7-list-item last\"><label><input type=\"checkbox\" name=\"centro-trabajo[]\" value=\"Otros\" \/><span class=\"wpcf7-list-item-label\">Otros<\/span><\/label><\/span><\/span><\/span><br \/>\n<label>Si marcaste \"Otros\", especifica centro: <span class=\"wpcf7-form-control-wrap\" data-name=\"centro-otro\"><input size=\"40\" maxlength=\"400\" class=\"wpcf7-form-control wpcf7-text\" aria-invalid=\"false\" value=\"\" type=\"text\" name=\"centro-otro\" \/><\/span><\/label>\n\t<\/p>\n\t<p><label> Servicio\/Unidad <span class=\"wpcf7-form-control-wrap\" data-name=\"servicio\"><input size=\"40\" maxlength=\"400\" class=\"wpcf7-form-control wpcf7-text wpcf7-validates-as-required\" aria-required=\"true\" aria-invalid=\"false\" value=\"\" type=\"text\" name=\"servicio\" \/><\/span> <\/label>\n\t<\/p>\n<hr \/>\n\t<div class=\"permanencia-legal\" style=\"background:#eee; padding:15px; border:1px solid #ccc; margin-bottom:20px;\">\n\t\t<p><strong>COMPROMISO DE PERMANENCIA:<\/strong> Al solicitar esta afiliaci\u00f3n, el interesado acepta que para el uso de los servicios jur\u00eddicos con tarifas bonificadas y la mediaci\u00f3n sindical personalizada, se compromete a una permanencia m\u00ednima de <strong>UN (1) A\u00d1O<\/strong>. En caso de baja tras el uso de dichos servicios antes del a\u00f1o, se podr\u00e1 reclamar la tarifa comercial del servicio prestado.\n\t\t<\/p>\n\t<\/div>\n\t<p><span class=\"wpcf7-form-control-wrap\" data-name=\"acepto-permanencia\"><span class=\"wpcf7-form-control wpcf7-checkbox wpcf7-validates-as-required\"><span class=\"wpcf7-list-item first last\"><input type=\"checkbox\" name=\"acepto-permanencia[]\" value=\"He le\u00eddo y acepto el compromiso de permanencia de 1 a\u00f1o.\" \/><span class=\"wpcf7-list-item-label\">He le\u00eddo y acepto el compromiso de permanencia de 1 a\u00f1o.<\/span><\/span><\/span><\/span>\n\t<\/p>\n\t<div class=\"proteccion-datos\" style=\"background:#eee; padding:15px; border:1px solid #ccc; margin-bottom:20px;\">\n\t\t<p>Informaci\u00f3n b\u00e1sica sobre protecci\u00f3n de datos\n\t\t<\/p>\n\t\t<p>Responsable: Trabajadores Unidos La Paz \u2013 \u00c1rea Norte.\n\t\t<\/p>\n\t\t<p>Finalidad: Gestionar tu afiliaci\u00f3n, cobro de cuotas, env\u00edo de informaci\u00f3n sindical y prestaci\u00f3n de servicios asociados.\n\t\t<\/p>\n\t\t<p>Legitimaci\u00f3n: Tratamiento necesario para la relaci\u00f3n asociativa y cumplimiento de estatutos (Art. 9.2.d GDPR).\n\t\t<\/p>\n\t\t<p>Destinatarios: No se ceder\u00e1n datos a terceros, salvo obligaci\u00f3n legal.\n\t\t<\/p>\n\t\t<p>Derechos: Acceso, rectificaci\u00f3n, supresi\u00f3n y otros derechos detallados en la informaci\u00f3n adicional.\n\t\t<\/p>\n\t\t<p>Informaci\u00f3n adicional: Puedes consultar la pol\u00edtica de privacidad completa<br \/>\n<a href=\"https:\/\/trabajadoresenred.es\/index.php\/politica-de-privacidad\/\">AQU\u00cd<\/a>\n\t\t<\/p>\n\t<\/div>\n\t<p><span class=\"wpcf7-form-control-wrap\" data-name=\"proteccion-datos\"><span class=\"wpcf7-form-control wpcf7-checkbox wpcf7-validates-as-required\"><span class=\"wpcf7-list-item first last\"><input type=\"checkbox\" name=\"proteccion-datos[]\" value=\"Acepto el tratamiento de mis datos personales para fines sindicales conforme al RGPD.\" \/><span class=\"wpcf7-list-item-label\">Acepto el tratamiento de mis datos personales para fines sindicales conforme al RGPD.<\/span><\/span><\/span><\/span>\n\t<\/p>\n\t<div>\n\t\t<p><label> Firma aqu\u00ed (Rat\u00f3n o Pantalla t\u00e1ctil): <\/label><br \/>\n<div class=\"dscf7_signature\">\n\t\t\t<div class=\"dscf7_signature_inner\">\n\t\t\t\t<canvas id=\"digital_signature-pad_firma-afiliado\" name=\"firma-afiliado\" class=\"digital_signature-pad\" color=\"#000000\" backcolor=\"#dddddd\" width=\"300\" height=\"200\"><\/canvas>\n\t\t\t\t<input class=\"clearButton\" type=\"button\" value=\"+\">\n\t\t\t<\/div>\n\t\t\t<span class=\"wpcf7-form-control-wrap firma-afiliado\" data-name=\"firma-afiliado\">\n\t\t\t\t<input class=\"wpcf7-form-control wpcf7-signature wpcf7-validates-as-required wpcf7-validates-as-signature dscf7-signature\" value=\"\" type=\"hidden\" name=\"firma-afiliado\"\/>\n\t\t\t\t<input type=\"hidden\" name=\"firma-afiliado-attachment\" class=\"wpcf7_input_firma-afiliado_attachment\"\/>\n\t\t\t\t<input type=\"hidden\" name=\"firma-afiliado-inline\" class=\"wpcf7_input_firma-afiliado_inline\"\/>\n\t\t\t<\/span>\n\t\t<\/div><br \/>\n<input class=\"wpcf7-form-control wpcf7-submit has-spinner\" type=\"submit\" value=\"ENVIAR AFILIACI\u00d3N\" \/>\n\t\t<\/p>\n\t\t<p>Recibir\u00e1s un email con tu hoja de afiliaci\u00f3n firmada, y los datos para poder hacer el pago de las cuotas.\n\t\t<\/p>\n\t<\/div>\n<\/div><p style=\"display: none !important;\" class=\"akismet-fields-container\" data-prefix=\"_wpcf7_ak_\"><label>&#916;<textarea name=\"_wpcf7_ak_hp_textarea\" cols=\"45\" rows=\"8\" maxlength=\"100\"><\/textarea><\/label><input type=\"hidden\" id=\"ak_js_1\" name=\"_wpcf7_ak_js\" value=\"96\"\/><script>\ndocument.getElementById( \"ak_js_1\" ).setAttribute( \"value\", ( new Date() ).getTime() );\n<\/script>\n<\/p><div class=\"wpcf7-response-output\" aria-hidden=\"true\"><\/div>\n<\/form>\n<\/div>\n\n\n\n\n<p><\/p>\n","protected":false},"excerpt":{"rendered":"<p>Estos son los importes m\u00ednimos de las cuotas que se han establecido para cada categor\u00eda, pero cada persona afiliada puede aportar una cuota mayor: Categor\u00eda E (celadores, pinches\u2026)- 11\u20acCategor\u00eda C2 (T\u00e9cnicos medios TCAE, farmacia, mantenimiento\u2026) &#8211; 12\u20acCategor\u00eda C1 \u2013 (T\u00e9cnicos RX, laboratorio, oncoRT,cocineros\u2026) &#8211; 13\u20acCategor\u00eda A2 &#8211; (enfermeros, fisioterapeutas, matronas, logopedas\u2026) &#8211; 14\u20acCategor\u00eda A1 \u2013 [&hellip;]<\/p>\n","protected":false},"author":1,"featured_media":0,"parent":0,"menu_order":0,"comment_status":"closed","ping_status":"closed","template":"","meta":{"footnotes":""},"class_list":["post-993","page","type-page","status-publish","hentry"],"aioseo_notices":[],"jetpack_sharing_enabled":true,"_links":{"self":[{"href":"https:\/\/trabajadoresenred.es\/index.php\/wp-json\/wp\/v2\/pages\/993","targetHints":{"allow":["GET"]}}],"collection":[{"href":"https:\/\/trabajadoresenred.es\/index.php\/wp-json\/wp\/v2\/pages"}],"about":[{"href":"https:\/\/trabajadoresenred.es\/index.php\/wp-json\/wp\/v2\/types\/page"}],"author":[{"embeddable":true,"href":"https:\/\/trabajadoresenred.es\/index.php\/wp-json\/wp\/v2\/users\/1"}],"replies":[{"embeddable":true,"href":"https:\/\/trabajadoresenred.es\/index.php\/wp-json\/wp\/v2\/comments?post=993"}],"version-history":[{"count":3,"href":"https:\/\/trabajadoresenred.es\/index.php\/wp-json\/wp\/v2\/pages\/993\/revisions"}],"predecessor-version":[{"id":1008,"href":"https:\/\/trabajadoresenred.es\/index.php\/wp-json\/wp\/v2\/pages\/993\/revisions\/1008"}],"wp:attachment":[{"href":"https:\/\/trabajadoresenred.es\/index.php\/wp-json\/wp\/v2\/media?parent=993"}],"curies":[{"name":"wp","href":"https:\/\/api.w.org\/{rel}","templated":true}]}}